{"id":14,"date":"2015-01-21T11:42:09","date_gmt":"2015-01-21T11:42:09","guid":{"rendered":"https:\/\/www.broadleyjames.com\/?page_id=14"},"modified":"2026-02-17T11:22:43","modified_gmt":"2026-02-17T11:22:43","slug":"contact","status":"publish","type":"page","link":"https:\/\/www.broadleyjames.com\/es\/contact\/","title":{"rendered":"Contacto"},"content":{"rendered":"\n<div class=\"wp-block-group alignfull has-background has-global-padding is-layout-constrained wp-container-core-group-is-layout-15156f63 wp-block-group-is-layout-constrained\" style=\"background:linear-gradient(180deg,rgb(247,249,250) 0%,rgb(255,255,255) 100%);margin-top:0;margin-bottom:0\">\n<div class=\"wp-block-group alignfull has-main-background-color has-background has-global-padding is-layout-constrained wp-container-core-group-is-layout-2e562274 wp-block-group-is-layout-constrained\" style=\"padding-top:var(--wp--preset--spacing--large);padding-bottom:var(--wp--preset--spacing--xx-large);background-image:url(&apos;https:\/\/www.broadleyjames.com\/wp-content\/uploads\/2025\/04\/linkedin-back-scaled.png&apos;);background-position:44% 42%;background-size:cover;\">\n<div class=\"wp-block-group has-global-padding is-layout-constrained wp-container-core-group-is-layout-1e33e3bb wp-block-group-is-layout-constrained\" style=\"margin-top:0;margin-bottom:0\">\n<h1 class=\"wp-block-heading has-body-background-color has-text-color has-link-color has-xx-large-font-size wp-elements-f30816f94fe813639bbd55bba781411e\" style=\"font-style:normal;font-weight:600\">Contacto<\/h1>\n\n\n\n<p class=\"has-text-color has-link-color wp-elements-21813126b092816e5f476bacb0f3e593\" style=\"color:#78c9f1\">Tanto si tiene una consulta comercial como si necesita soporte t\u00e9cnico, estamos aqu\u00ed para ayudarle.<\/p>\n<\/div>\n<\/div>\n\n\n\n<div class=\"wp-block-group has-global-padding is-layout-constrained wp-container-core-group-is-layout-704e782a wp-block-group-is-layout-constrained\">\n<div class=\"wp-block-columns is-layout-flex wp-container-core-columns-is-layout-5016e1a0 wp-block-columns-is-layout-flex\">\n<div class=\"wp-block-column is-layout-flow wp-block-column-is-layout-flow\" style=\"flex-basis:60%\">\n<div class=\"wp-block-group has-body-background-background-color has-background has-global-padding is-layout-constrained wp-container-core-group-is-layout-c06906ff wp-block-group-is-layout-constrained\" style=\"border-radius:10px;margin-top:-80px;padding-top:var(--wp--preset--spacing--medium);padding-right:var(--wp--preset--spacing--large);padding-bottom:var(--wp--preset--spacing--large);padding-left:var(--wp--preset--spacing--large);box-shadow:var(--wp--preset--shadow--light-bottom-shadow)\"><script type=\"text\/javascript\">\n\/* <![CDATA[ *\/\nvar gform;gform||(document.addEventListener(\"gform_main_scripts_loaded\",function(){gform.scriptsLoaded=!0}),document.addEventListener(\"gform\/theme\/scripts_loaded\",function(){gform.themeScriptsLoaded=!0}),window.addEventListener(\"DOMContentLoaded\",function(){gform.domLoaded=!0}),gform={domLoaded:!1,scriptsLoaded:!1,themeScriptsLoaded:!1,isFormEditor:()=>\"function\"==typeof InitializeEditor,callIfLoaded:function(o){return!(!gform.domLoaded||!gform.scriptsLoaded||!gform.themeScriptsLoaded&&!gform.isFormEditor()||(gform.isFormEditor()&&console.warn(\"The use of gform.initializeOnLoaded() is deprecated in the form editor context and will be removed in Gravity Forms 3.1.\"),o(),0))},initializeOnLoaded:function(o){gform.callIfLoaded(o)||(document.addEventListener(\"gform_main_scripts_loaded\",()=>{gform.scriptsLoaded=!0,gform.callIfLoaded(o)}),document.addEventListener(\"gform\/theme\/scripts_loaded\",()=>{gform.themeScriptsLoaded=!0,gform.callIfLoaded(o)}),window.addEventListener(\"DOMContentLoaded\",()=>{gform.domLoaded=!0,gform.callIfLoaded(o)}))},hooks:{action:{},filter:{}},addAction:function(o,r,e,t){gform.addHook(\"action\",o,r,e,t)},addFilter:function(o,r,e,t){gform.addHook(\"filter\",o,r,e,t)},doAction:function(o){gform.doHook(\"action\",o,arguments)},applyFilters:function(o){return gform.doHook(\"filter\",o,arguments)},removeAction:function(o,r){gform.removeHook(\"action\",o,r)},removeFilter:function(o,r,e){gform.removeHook(\"filter\",o,r,e)},addHook:function(o,r,e,t,n){null==gform.hooks[o][r]&&(gform.hooks[o][r]=[]);var d=gform.hooks[o][r];null==n&&(n=r+\"_\"+d.length),gform.hooks[o][r].push({tag:n,callable:e,priority:t=null==t?10:t})},doHook:function(r,o,e){var t;if(e=Array.prototype.slice.call(e,1),null!=gform.hooks[r][o]&&((o=gform.hooks[r][o]).sort(function(o,r){return o.priority-r.priority}),o.forEach(function(o){\"function\"!=typeof(t=o.callable)&&(t=window[t]),\"action\"==r?t.apply(null,e):e[0]=t.apply(null,e)})),\"filter\"==r)return e[0]},removeHook:function(o,r,t,n){var e;null!=gform.hooks[o][r]&&(e=(e=gform.hooks[o][r]).filter(function(o,r,e){return!!(null!=n&&n!=o.tag||null!=t&&t!=o.priority)}),gform.hooks[o][r]=e)}});\n\/* ]]> *\/\n<\/script>\n\n                <div class='gf_browser_gecko gform_wrapper gform_legacy_markup_wrapper gform-theme--no-framework' data-form-theme='legacy' data-form-index='0' id='gform_wrapper_2' ><div id='gf_2' class='gform_anchor' tabindex='-1'><\/div><form method='post' enctype='multipart\/form-data' target='gform_ajax_frame_2' id='gform_2'  action='\/es\/wp-json\/wp\/v2\/pages\/14#gf_2' data-formid='2' novalidate><div class='gf_invisible ginput_recaptchav3' data-sitekey='6LeksTolAAAAAPiZY5CZs_LoneMss5uiAGvoYmWf' data-tabindex='0'><input id=\"input_82373f5ac5e09977bfd4a6856a47209b\" class=\"gfield_recaptcha_response\" type=\"hidden\" name=\"input_82373f5ac5e09977bfd4a6856a47209b\" value=\"\"\/><\/div>\n                        <div class='gform-body gform_body'><ul id='gform_fields_2' class='gform_fields top_label form_sublabel_below description_below validation_below'><li id=\"field_2_1\" class=\"gfield gfield--type-name field_sublabel_below gfield--no-description field_description_below field_validation_below gfield_visibility_visible\"  ><label class='gfield_label gform-field-label gfield_label_before_complex' >Nombre<\/label><div class='ginput_complex ginput_container ginput_container--name no_prefix has_first_name no_middle_name has_last_name no_suffix gf_name_has_2 ginput_container_name gform-grid-row' id='input_2_1'>\n                            \n                            <span id='input_2_1_3_container' class='name_first gform-grid-col gform-grid-col--size-auto' >\n                                                    <input type='text' name='input_1.3' id='input_2_1_3' value=''   aria-required='false'     \/>\n                                                    <label for='input_2_1_3' class='gform-field-label gform-field-label--type-sub '>Nombre<\/label>\n                                                <\/span>\n                            \n                            <span id='input_2_1_6_container' class='name_last gform-grid-col gform-grid-col--size-auto' >\n                                                    <input type='text' name='input_1.6' id='input_2_1_6' value=''   aria-required='false'     \/>\n                                                    <label for='input_2_1_6' class='gform-field-label gform-field-label--type-sub '>Apellidos<\/label>\n                                                <\/span>\n                            \n                        <\/div><\/li><li id=\"field_2_2\" class=\"gfield gfield--type-email gfield_contains_required field_sublabel_below gfield--no-description field_description_below field_validation_below gfield_visibility_visible\"  ><label class='gfield_label gform-field-label' for='input_2_2'>Email<span class=\"gfield_required\"><span class=\"gfield_required gfield_required_asterisk\">*<\/span><\/span><\/label><div class='ginput_container ginput_container_email'>\n                            <input name='input_2' id='input_2_2' type='email' value='' class='medium'    aria-required=\"true\" aria-invalid=\"false\"  \/>\n                        <\/div><\/li><li id=\"field_2_3\" class=\"gfield gfield--type-phone field_sublabel_below gfield--no-description field_description_below field_validation_below gfield_visibility_visible\"  ><label class='gfield_label gform-field-label' for='input_2_3'>Tel\u00e9fono<\/label><div class='ginput_container ginput_container_phone'><input name='input_3' id='input_2_3' type='tel' value='' class='medium'    aria-invalid=\"false\"   \/><\/div><\/li><li id=\"field_2_4\" class=\"gfield gfield--type-textarea gfield_contains_required field_sublabel_below gfield--no-description field_description_below field_validation_below gfield_visibility_visible\"  ><label class='gfield_label gform-field-label' for='input_2_4'>Su Pregunta<span class=\"gfield_required\"><span class=\"gfield_required gfield_required_asterisk\">*<\/span><\/span><\/label><div class='ginput_container ginput_container_textarea'><textarea name='input_4' id='input_2_4' class='textarea medium'     aria-required=\"true\" aria-invalid=\"false\"   rows='10' cols='50'><\/textarea><\/div><\/li><\/ul><\/div>\n        <div class='gform-footer gform_footer top_label'> <input type='submit' id='gform_submit_button_2' class='gform_button button' onclick='gform.submission.handleButtonClick(this);' data-submission-type='submit' value='Enviar'  \/> <input type='hidden' name='gform_ajax' value='form_id=2&amp;title=&amp;description=&amp;tabindex=0&amp;theme=legacy&amp;styles={&quot;inputBorderColor&quot;:&quot;#E5EDF2&quot;,&quot;inputColor&quot;:&quot;#113D50&quot;,&quot;inputPrimaryColor&quot;:&quot;#0B78AE&quot;,&quot;labelColor&quot;:&quot;#113D50&quot;,&quot;descriptionColor&quot;:&quot;#B9B9B9&quot;,&quot;buttonPrimaryBackgroundColor&quot;:&quot;#0B78AE&quot;}&amp;hash=4970169cbd27b2fe12b0c6e0acf22688' \/>\n            <input type='hidden' class='gform_hidden' name='gform_submission_method' data-js='gform_submission_method_2' value='iframe' \/>\n            <input type='hidden' class='gform_hidden' name='gform_theme' data-js='gform_theme_2' id='gform_theme_2' value='legacy' \/>\n            <input type='hidden' class='gform_hidden' name='gform_style_settings' data-js='gform_style_settings_2' id='gform_style_settings_2' value='{&quot;inputBorderColor&quot;:&quot;#E5EDF2&quot;,&quot;inputColor&quot;:&quot;#113D50&quot;,&quot;inputPrimaryColor&quot;:&quot;#0B78AE&quot;,&quot;labelColor&quot;:&quot;#113D50&quot;,&quot;descriptionColor&quot;:&quot;#B9B9B9&quot;,&quot;buttonPrimaryBackgroundColor&quot;:&quot;#0B78AE&quot;}' \/>\n            <input type='hidden' class='gform_hidden' name='is_submit_2' value='1' \/>\n            <input type='hidden' class='gform_hidden' name='gform_submit' value='2' \/>\n            \n            <input type='hidden' class='gform_hidden' name='gform_currency' data-currency='USD' value='zNE2RrZOWqaBRvcnx1zMHamok35sH1yDk91lSp0PDuiuj1cIPjuHsvN\/9lBLxPaB1PhY2HpLHoxDMCgobtZ5t7gcypUXfz8\/cDdftqim2x5O5fo=' \/>\n            <input type='hidden' class='gform_hidden' name='gform_unique_id' value='' \/>\n            <input type='hidden' class='gform_hidden' name='state_2' value='WyJbXSIsIjE1NGI1N2JmMmMwYTVmNDI3MjM2MzU3Yzk4OTQzYmNmIl0=' \/>\n            <input type='hidden' autocomplete='off' class='gform_hidden' name='gform_target_page_number_2' id='gform_target_page_number_2' value='0' \/>\n            <input type='hidden' autocomplete='off' class='gform_hidden' name='gform_source_page_number_2' id='gform_source_page_number_2' value='1' \/>\n            <input type='hidden' name='gform_field_values' value='' \/>\n            \n        <\/div>\n                        <\/form>\n                        <\/div>\n\t\t                <iframe style='display:none;width:0px;height:0px;' src='about:blank' name='gform_ajax_frame_2' id='gform_ajax_frame_2' title='This iframe contains the logic required to handle Ajax powered Gravity Forms.'><\/iframe>\n\t\t                <script type=\"text\/javascript\">\n\/* <![CDATA[ *\/\n gform.initializeOnLoaded( function() {gformInitSpinner( 2, 'https:\/\/www.broadleyjames.com\/es\/wp-content\/plugins\/gravityforms\/images\/spinner.svg', true );jQuery('#gform_ajax_frame_2').on('load',function(){var contents = jQuery(this).contents().find('*').html();var is_postback = contents.indexOf('GF_AJAX_POSTBACK') >= 0;if(!is_postback){return;}var form_content = jQuery(this).contents().find('#gform_wrapper_2');var is_confirmation = jQuery(this).contents().find('#gform_confirmation_wrapper_2').length > 0;var is_redirect = contents.indexOf('gformRedirect(){') >= 0;var is_form = form_content.length > 0 && ! is_redirect && ! is_confirmation;var mt = parseInt(jQuery('html').css('margin-top'), 10) + parseInt(jQuery('body').css('margin-top'), 10) + 100;if(is_form){jQuery('#gform_wrapper_2').html(form_content.html());if(form_content.hasClass('gform_validation_error')){jQuery('#gform_wrapper_2').addClass('gform_validation_error');} else {jQuery('#gform_wrapper_2').removeClass('gform_validation_error');}setTimeout( function() { \/* delay the scroll by 50 milliseconds to fix a bug in chrome *\/ jQuery(document).scrollTop(jQuery('#gform_wrapper_2').offset().top - mt); }, 50 );if(window['gformInitDatepicker']) {gformInitDatepicker();}if(window['gformInitPriceFields']) {gformInitPriceFields();}var current_page = jQuery('#gform_source_page_number_2').val();gformInitSpinner( 2, 'https:\/\/www.broadleyjames.com\/es\/wp-content\/plugins\/gravityforms\/images\/spinner.svg', true );jQuery(document).trigger('gform_page_loaded', [2, current_page]);window['gf_submitting_2'] = false;}else if(!is_redirect){var confirmation_content = jQuery(this).contents().find('.GF_AJAX_POSTBACK').html();if(!confirmation_content){confirmation_content = contents;}jQuery('#gform_wrapper_2').replaceWith(confirmation_content);jQuery(document).scrollTop(jQuery('#gf_2').offset().top - mt);jQuery(document).trigger('gform_confirmation_loaded', [2]);window['gf_submitting_2'] = false;wp.a11y.speak(jQuery('#gform_confirmation_message_2').text());}else{jQuery('#gform_2').append(contents);if(window['gformRedirect']) {gformRedirect();}}jQuery(document).trigger(\"gform_pre_post_render\", [{ formId: \"2\", currentPage: \"current_page\", abort: function() { this.preventDefault(); } }]);        if (event && event.defaultPrevented) {                return;        }        const gformWrapperDiv = document.getElementById( \"gform_wrapper_2\" );        if ( gformWrapperDiv ) {            const visibilitySpan = document.createElement( \"span\" );            visibilitySpan.id = \"gform_visibility_test_2\";            gformWrapperDiv.insertAdjacentElement( \"afterend\", visibilitySpan );        }        const visibilityTestDiv = document.getElementById( \"gform_visibility_test_2\" );        let postRenderFired = false;        function triggerPostRender() {            if ( postRenderFired ) {                return;            }            postRenderFired = true;            gform.core.triggerPostRenderEvents( 2, current_page );            if ( visibilityTestDiv ) {                visibilityTestDiv.parentNode.removeChild( visibilityTestDiv );            }        }        function debounce( func, wait, immediate ) {            var timeout;            return function() {                var context = this, args = arguments;                var later = function() {                    timeout = null;                    if ( !immediate ) func.apply( context, args );                };                var callNow = immediate && !timeout;                clearTimeout( timeout );                timeout = setTimeout( later, wait );                if ( callNow ) func.apply( context, args );            };        }        const debouncedTriggerPostRender = debounce( function() {            triggerPostRender();        }, 200 );        if ( visibilityTestDiv && visibilityTestDiv.offsetParent === null ) {            const observer = new MutationObserver( ( mutations ) => {                mutations.forEach( ( mutation ) => {                    if ( mutation.type === 'attributes' && visibilityTestDiv.offsetParent !== null ) {                        debouncedTriggerPostRender();                        observer.disconnect();                    }                });            });            observer.observe( document.body, {                attributes: true,                childList: false,                subtree: true,                attributeFilter: [ 'style', 'class' ],            });        } else {            triggerPostRender();        }    } );} ); \n\/* ]]> *\/\n<\/script>\n<span class=\"captcha-notice has-x-small-font-size mt-1\" style=\"display: none\">\n\t\t\tThis site is protected by reCAPTCHA and the Google <a href=\"https:\/\/policies.google.com\/privacy\" target=\"_blank\">Privacy Policy<\/a> and <a href=\"https:\/\/policies.google.com\/terms\" target=\"_blank\">Terms of Service<\/a> apply\t\t<\/span>\n\t\t<\/div>\n<\/div>\n\n\n\n<div class=\"wp-block-column is-layout-flow wp-block-column-is-layout-flow\" style=\"padding-top:var(--wp--preset--spacing--medium);padding-bottom:var(--wp--preset--spacing--medium);flex-basis:40%\">\n<div class=\"wp-block-group has-global-padding is-layout-constrained wp-container-core-group-is-layout-7db9d80f wp-block-group-is-layout-constrained\" style=\"padding-right:0;padding-left:0\">\n<div class=\"wp-block-group has-global-padding is-layout-constrained wp-block-group-is-layout-constrained\">\n<div class=\"wp-block-group has-global-padding is-layout-constrained wp-container-core-group-is-layout-19e250f3 wp-block-group-is-layout-constrained\">\n<h4 class=\"wp-block-heading has-primary-color has-text-color has-link-color has-big-base-font-size wp-elements-15f753dcbd63a4287df29cc916616459\" style=\"text-transform:uppercase\">Oficina Corporativa de Estados Unidos<\/h4>\n\n\n\n<p>19 Thomas, Irvine, CA 92618 USA<\/p>\n<\/div>\n\n\n\n<div class=\"wp-block-group has-border-color has-border-color-border-color has-pale-background-background-color has-background has-global-padding is-layout-constrained wp-container-core-group-is-layout-a7f5c25f wp-block-group-is-layout-constrained\" style=\"border-width:1px;border-radius:10px;padding-top:var(--wp--preset--spacing--small);padding-right:var(--wp--preset--spacing--small);padding-bottom:var(--wp--preset--spacing--small);padding-left:var(--wp--preset--spacing--small)\">\n<figure class=\"wp-block-table is-style-stripes\"><table class=\"has-main-color has-text-color has-link-color\"><tbody><tr><td>Tel\u00e9fono:<\/td><td><mark style=\"background-color:rgba(0, 0, 0, 0)\" class=\"has-inline-color has-primary-color\"><strong>+1-949-829-5555<\/strong><\/mark><\/td><\/tr><tr><td>Fax:<\/td><td><mark style=\"background-color:rgba(0, 0, 0, 0)\" class=\"has-inline-color has-primary-color\">+1-949-829-5560<\/mark><\/td><\/tr><tr><td>E-mail:<\/td><td><a href=\"mailto:sales@broadleyjames.com\">sales@broadleyjames.com<\/a><\/td><\/tr><\/tbody><\/table><\/figure>\n<\/div>\n<\/div>\n\n\n\n<hr class=\"wp-block-separator has-text-color has-accent-color has-alpha-channel-opacity has-accent-background-color has-background is-style-wide\" style=\"margin-top:var(--wp--preset--spacing--medium);margin-bottom:var(--wp--preset--spacing--medium)\"\/>\n\n\n\n<div class=\"wp-block-group has-global-padding is-layout-constrained wp-block-group-is-layout-constrained\">\n<div class=\"wp-block-group has-global-padding is-layout-constrained wp-container-core-group-is-layout-19e250f3 wp-block-group-is-layout-constrained\">\n<h4 class=\"wp-block-heading has-primary-color has-text-color has-link-color has-big-base-font-size wp-elements-45f064cfcb868f0c80c6085772f2d0be\" style=\"text-transform:uppercase\">Sede Europea<\/h4>\n\n\n\n<p>Wrest Park, Silsoe, Bedford MK45 4HS, UK<\/p>\n<\/div>\n\n\n\n<div class=\"wp-block-group has-border-color has-border-color-border-color has-pale-background-background-color has-background has-global-padding is-layout-constrained wp-container-core-group-is-layout-a7f5c25f wp-block-group-is-layout-constrained\" style=\"border-width:1px;border-radius:10px;padding-top:var(--wp--preset--spacing--small);padding-right:var(--wp--preset--spacing--small);padding-bottom:var(--wp--preset--spacing--small);padding-left:var(--wp--preset--spacing--small)\">\n<figure class=\"wp-block-table is-style-stripes\"><table class=\"has-main-color has-text-color has-link-color\"><tbody><tr><td>Tel\u00e9fono:<\/td><td><mark style=\"background-color:rgba(0, 0, 0, 0)\" class=\"has-inline-color has-primary-color\"><strong>+44 (0) 1525 862518<\/strong><\/mark><\/td><\/tr><tr><td>E-mail:<\/td><td><a href=\"mailto:sales@broadleyjames.com\">sales@broadleyjames.co.uk<\/a><\/td><\/tr><\/tbody><\/table><\/figure>\n<\/div>\n<\/div>\n\n\n\n<hr class=\"wp-block-separator has-text-color has-accent-color has-alpha-channel-opacity has-accent-background-color has-background is-style-wide\" style=\"margin-top:var(--wp--preset--spacing--medium);margin-bottom:var(--wp--preset--spacing--medium)\"\/>\n\n\n\n<div class=\"wp-block-group has-border-color has-primary-light-border-color has-primary-color has-pale-background-background-color has-text-color has-background has-link-color wp-elements-6f96eeb8a80172596b75ad7060bce2b4 is-content-justification-left is-nowrap is-layout-flex wp-container-core-group-is-layout-05e35fde wp-block-group-is-layout-flex\" style=\"border-width:1px;border-radius:10px;min-height:0px;padding-top:var(--wp--preset--spacing--small);padding-bottom:var(--wp--preset--spacing--small);padding-left:var(--wp--preset--spacing--medium)\">\n<div style=\"border:0px solid #000000;border-radius:0%\" class=\"wp-block-hpy-icon has-primary-light-color has-medium-large-font-size\" data-id=\".\/linkedin.svg\"><svg width=\"1em\" height=\"1em\" viewBox=\"0 0 1792 1792\" xmlns=\"http:\/\/www.w3.org\/2000\/svg\" class=\"svg-icon\" style=\"display:block\"><path fill=\"currentColor\" d=\"M477 625v991h-330v-991h330zm21-306q1 73-50.5 122t-135.5 49h-2q-82 0-132-49t-50-122q0-74 51.5-122.5t134.5-48.5 133 48.5 51 122.5zm1166 729v568h-329v-530q0-105-40.5-164.5t-126.5-59.5q-63 0-105.5 34.5t-63.5 85.5q-11 30-11 81v553h-329q2-399 2-647t-1-296l-1-48h329v144h-2q20-32 41-56t56.5-52 87-43.5 114.5-15.5q171 0 275 113.5t104 332.5z\"><\/path><\/svg>\n<\/div>\n\n\n\n<p class=\"has-primary-color has-text-color has-link-color wp-elements-829dee1d630bbba30f9c1958ab7cb7f3\"><a href=\"https:\/\/www.linkedin.com\/company\/broadley-james-corporation\/\" target=\"_blank\" rel=\"noreferrer noopener nofollow\">S\u00edganos en LinkedIn<\/a><\/p>\n<\/div>\n<\/div>\n<\/div>\n<\/div>\n<\/div>\n<\/div>\n","protected":false},"excerpt":{"rendered":"<p>Contacto Tanto si tiene una consulta comercial como si necesita soporte t\u00e9cnico, estamos aqu\u00ed para ayudarle. Oficina Corporativa de Estados Unidos 19 Thomas, Irvine, CA 92618 USA Tel\u00e9fono: +1-949-829-5555 Fax: +1-949-829-5560 E-mail: sales@broadleyjames.com Sede Europea Wrest Park, Silsoe, Bedford MK45 4HS, UK Tel\u00e9fono: +44 (0) 1525 862518 E-mail: sales@broadleyjames.co.uk S\u00edganos en LinkedIn<\/p>\n","protected":false},"author":1,"featured_media":0,"parent":0,"menu_order":4,"comment_status":"open","ping_status":"open","template":"","meta":{"_acf_changed":false,"_hide_header":true,"_hide_breadcrumbs":true,"_overlay_breadcrumbs":false,"footnotes":""},"class_list":["post-14","page","type-page","status-publish","hentry"],"acf":[],"_links":{"self":[{"href":"https:\/\/www.broadleyjames.com\/es\/wp-json\/wp\/v2\/pages\/14","targetHints":{"allow":["GET"]}}],"collection":[{"href":"https:\/\/www.broadleyjames.com\/es\/wp-json\/wp\/v2\/pages"}],"about":[{"href":"https:\/\/www.broadleyjames.com\/es\/wp-json\/wp\/v2\/types\/page"}],"author":[{"embeddable":true,"href":"https:\/\/www.broadleyjames.com\/es\/wp-json\/wp\/v2\/users\/1"}],"replies":[{"embeddable":true,"href":"https:\/\/www.broadleyjames.com\/es\/wp-json\/wp\/v2\/comments?post=14"}],"version-history":[{"count":8,"href":"https:\/\/www.broadleyjames.com\/es\/wp-json\/wp\/v2\/pages\/14\/revisions"}],"predecessor-version":[{"id":1588,"href":"https:\/\/www.broadleyjames.com\/es\/wp-json\/wp\/v2\/pages\/14\/revisions\/1588"}],"wp:attachment":[{"href":"https:\/\/www.broadleyjames.com\/es\/wp-json\/wp\/v2\/media?parent=14"}],"curies":[{"name":"wp","href":"https:\/\/api.w.org\/{rel}","templated":true}]}}