{"id":12,"date":"2015-01-21T11:41:59","date_gmt":"2015-01-21T11:41:59","guid":{"rendered":"https:\/\/www.broadleyjames.com\/?page_id=12"},"modified":"2026-02-17T11:07:27","modified_gmt":"2026-02-17T11:07:27","slug":"documents","status":"publish","type":"page","link":"https:\/\/www.broadleyjames.com\/es\/documents\/","title":{"rendered":"Documentaci\u00f3n"},"content":{"rendered":"\n<div class=\"wp-block-columns are-vertically-aligned-center is-layout-flex wp-container-core-columns-is-layout-867d1d8d wp-block-columns-is-layout-flex\">\n<div class=\"wp-block-column is-vertically-aligned-center is-layout-flow wp-block-column-is-layout-flow\" style=\"flex-basis:33.33%\">\n<figure class=\"wp-block-image size-full\"><img decoding=\"async\" src=\"https:\/\/www.broadleyjames.com\/de\/wp-content\/uploads\/sites\/2\/2021\/09\/BJC-pdf-docs-1.png\" alt=\"documentation\" class=\"wp-image-1523\"\/><\/figure>\n<\/div>\n\n\n\n<div class=\"wp-block-column is-vertically-aligned-center is-layout-flow wp-block-column-is-layout-flow\" style=\"flex-basis:66.66%\">\n<div class=\"wp-block-group has-global-padding is-layout-constrained wp-block-group-is-layout-constrained\">\n<p>Nuestra documentaci\u00f3n t\u00e9cnica est\u00e1 actualmente disponible \u00fanicamente en ingl\u00e9s. Para consultar y descargar hojas de datos, manuales y otros recursos, visite nuestro sitio web en ingl\u00e9s.<\/p>\n\n\n\n<div class=\"wp-block-buttons is-layout-flex wp-block-buttons-is-layout-flex\">\n<div class=\"wp-block-button\"><a class=\"wp-block-button__link wp-element-button\" href=\"https:\/\/www.broadleyjames.com\/documentation\/\">Consultar la documentaci\u00f3n (en ingl\u00e9s)<\/a><\/div>\n<\/div>\n<\/div>\n<\/div>\n<\/div>\n","protected":false},"excerpt":{"rendered":"<p>Nuestra documentaci\u00f3n t\u00e9cnica est\u00e1 actualmente disponible \u00fanicamente en ingl\u00e9s. Para consultar y descargar hojas de datos, manuales y otros recursos, visite nuestro sitio web en ingl\u00e9s.<\/p>\n","protected":false},"author":1,"featured_media":0,"parent":0,"menu_order":6,"comment_status":"open","ping_status":"open","template":"","meta":{"_acf_changed":false,"_hide_header":false,"_hide_breadcrumbs":false,"_overlay_breadcrumbs":false,"footnotes":""},"class_list":["post-12","page","type-page","status-publish","hentry"],"acf":[],"_links":{"self":[{"href":"https:\/\/www.broadleyjames.com\/es\/wp-json\/wp\/v2\/pages\/12","targetHints":{"allow":["GET"]}}],"collection":[{"href":"https:\/\/www.broadleyjames.com\/es\/wp-json\/wp\/v2\/pages"}],"about":[{"href":"https:\/\/www.broadleyjames.com\/es\/wp-json\/wp\/v2\/types\/page"}],"author":[{"embeddable":true,"href":"https:\/\/www.broadleyjames.com\/es\/wp-json\/wp\/v2\/users\/1"}],"replies":[{"embeddable":true,"href":"https:\/\/www.broadleyjames.com\/es\/wp-json\/wp\/v2\/comments?post=12"}],"version-history":[{"count":8,"href":"https:\/\/www.broadleyjames.com\/es\/wp-json\/wp\/v2\/pages\/12\/revisions"}],"predecessor-version":[{"id":1585,"href":"https:\/\/www.broadleyjames.com\/es\/wp-json\/wp\/v2\/pages\/12\/revisions\/1585"}],"wp:attachment":[{"href":"https:\/\/www.broadleyjames.com\/es\/wp-json\/wp\/v2\/media?parent=12"}],"curies":[{"name":"wp","href":"https:\/\/api.w.org\/{rel}","templated":true}]}}