{"id":957,"date":"2015-02-25T13:40:27","date_gmt":"2015-02-25T13:40:27","guid":{"rendered":"https:\/\/www.broadleyjames.com\/?page_id=957"},"modified":"2024-06-21T11:14:47","modified_gmt":"2024-06-21T11:14:47","slug":"privacy-policy","status":"publish","type":"page","link":"https:\/\/www.broadleyjames.com\/de\/privacy-policy\/","title":{"rendered":"Datenschutz-Bestimmungen"},"content":{"rendered":"<p>Broadley James-Limited (&#8220;Wir&#8221;) sind zum Schutz und der Wahrung Ihrer Privatsph\u00e4re verpflichtet.<\/p>\n<p>Diese Bestimmungen (zusammen mit unseren Nutzungsbedingungen und sonstigen Unterlagen die sich darauf beziehen) bildet die Grundlage, wie alle pers\u00f6nlichen Daten, die wir von Ihnen erfassen oder die Sie uns zur Verf\u00fcgung stellen, von uns verarbeitet werden. Bitte lesen Sie die folgenden Informationen sorgf\u00e4ltig, um unsere Ansichten und Praktiken in Bezug auf Ihre personenbezogenen Daten zu verstehen und wie wir sie behandeln. Durch den Besuch staging-broadleyjameseu.mystagingwebsite.com\/ akzeptieren Sie und stimmen den in dieser Richtlinie beschriebenen Verfahren zu.<br \/>\nIm Einklang mit Data Protection Act 1998 (Gesetz) sind die f\u00fcr die Verarbeitung von Daten Verantwortlichen Broadley-James Limited of 28 \u2013 44 Alma Street, Luton, Bedfordshire, LU1 2PL.<\/p>\n<h2>Informationen, die wir von Ihnen sammeln<\/h2>\n<p>Wir erfassen und verarbeiten die folgenden Daten \u00fcber Sie:<\/p>\n<h3>Informationen, die Sie uns geben,<\/h3>\n<p>Sie gebeb uns Informationen \u00fcber Sie beim Ausf\u00fcllen von Formularen auf unserer Website staging-broadleyjameseu.mystagingwebsite.com\/ (unsere Website) oder durch Korrespondenz mit uns per Telefon, E-Mail oder auf andere Weise. Dazu geh\u00f6ren Informationen, die Sie, wenn Sie sich auf unserer Webseite registrieren, beim abonnieren unseres Services, der Suche nach einem Produkt, einer Bestellung auf unserer Website, Teilnahme an einem Wettbewerb, Werbung oder Umfrage und wenn Sie ein Problem mit unserer Website berichten, preisgeben. Die Informationen, die Sie uns mitteilen k\u00f6nnen Ihr Name, Adresse, E-Mail-Adresse und Telefonnummer, Finanz- und Kreditkarteninformationen und pers\u00f6nlichen Informationen enthalten.<\/p>\n<h3>Informationen, die wir \u00fcber Sie sammeln<\/h3>\n<p>In Bezug auf jeden Ihrer Besuche auf unserer Website sammeln wir automatisch die folgenden Informationen:<br \/>\ntechnische Informationen, einschlie\u00dflich ihrer Internet-Protokoll-Adresse (IP) , die benutzt wird um Ihren Computer mit dem Internet zu verbinden, Ihre Login-Daten, Browsertyp und -Version, Zeitzoneneinstellung, Browser-Plug-in-Typen und Versionen, Betriebssystem und Plattform.<\/p>\n<h3>Informationen \u00fcber Ihren Besuch<\/h3>\n<p>Einschlie\u00dflich der vollen Uniform Resource Locator (URL) Clickstream zu und von unserer Website (inklusive Datum und Zeit); Produkte, die Sie angesehen oder gesucht haben, Seiten Reaktionszeiten, Download-Fehler, L\u00e4nge der Besuche auf bestimmte Seiten, Seiten Interaktionen, Informationen (wie Scrollen, Klicks und Mouse-over) und Verfahren die verwendet werden um sich von der Seite zu entfernen und jede Telefonnummer die verwendet wurde um unseren Kundendienst anzurufen.<\/p>\n<h3>Informationen, die wir aus anderen Quellen erhalten<\/h3>\n<p>Wir k\u00f6nnen Informationen \u00fcber Sie erhalten, wenn Sie eine der anderen Websites, die wir betreiben oder andere Dienstleistungen die wir anbieten, verwenden. Wir arbeiten auch eng mit Dritten (einschlie\u00dflich zum Beispiel Gesch\u00e4ftspartner, Subunternehmer in technischen, Zahlungs- und Lieferdiensten, Werbenetzwerke, Analytik-Anbieter, Suche Informationsanbieter, Kredit Referenzierungs Agenturen) zusammen und k\u00f6nnen Informationen \u00fcber Sie von diesen erhalten .<\/p>\n<h2>Cookies<\/h2>\n<p>Unsere Website verwendet Cookies, um Sie von anderen Benutzern unserer Website zu unterscheiden. Das hilft uns, Ihnen ein gutes Erlebnis zu bieten, wenn Sie unsere Webseite besuchen und erm\u00f6glicht es uns, unsere Website zu verbessern. F\u00fcr detaillierte Informationen zu den von uns verwendeten Cookies und f\u00fcr welche Zwecke wir sie Nutzen sehen Sie sich unseren Richtlinien zu Cookies an.<\/p>\n<h2>Verwendungen der Informationen<\/h2>\n<p>Wir verwenden Informationen \u00fcber Sie auf folgende Weise:<\/p>\n<h3>Informationen, die Sie uns geben,<\/h3>\n<p>Wir werden diese Informationen benutzen um:<\/p>\n<ul>\n<li><span id=\"result_box\" class=\"long_text\" lang=\"de\"><span class=\"hps\">f\u00fcr die Durchf\u00fchrung unserer<\/span> <span class=\"hps\">Verpflichtungen aus<\/span> <span class=\"hps\">Vertr\u00e4gen<\/span> <span class=\"hps\">zwischen Ihnen und uns<\/span> <span class=\"hps\">und<\/span> <span class=\"hps\">um Ihnen die<\/span> <span class=\"hps\">Informationen, Produkte<\/span> <span class=\"hps\">und Dienstleistungen, die<\/span> <span class=\"hps\">Sie von uns anfordern<\/span> <span class=\"hps\">bieten<\/span> <span class=\"hps\">zu k\u00f6nnen<\/span>;<\/span><\/li>\n<li><span id=\"result_box\" class=\"long_text\" lang=\"de\"><span class=\"hps\">um Ihnen Informationen<\/span> <span class=\"hps\">\u00fcber andere<\/span> <span class=\"hps\">Produkte und<\/span> <span class=\"hps\">Dienstleistungen, die wir<\/span> <span class=\"hps\">anbieten<\/span>, die \u00e4hnlich denen sind<span class=\"\">, die Sie bereits<\/span> <span class=\"hps\">erworben oder<\/span> sich danach <span class=\"hps\">erkundigt<\/span> <span class=\"hps\">haben,\u00a0<\/span><span class=\"hps\">zu liefern;<\/span><\/span><\/li>\n<li><span id=\"result_box\" class=\"long_text\" lang=\"de\"><span class=\"hps\">um Ihnen Informationen bereitzustellen,<\/span> <span class=\"hps\">oder von<\/span> <span class=\"hps\">ausgew\u00e4hlten Dritten<\/span> <span class=\"hps\">zur Verf\u00fcgung stellen zu lassen<\/span>,<span class=\"hps\"> \u00fcber<\/span> <span class=\"hps\">Waren oder<\/span> <span class=\"hps\">Dienstleistungen, die wir<\/span> <span class=\"hps\">f\u00fchren,<\/span> oder von denen wir glauben sie <span class=\"hps\">k\u00f6nnten Sie stattdessen interessieren<\/span>. <span class=\"hps\">Wenn Sie<\/span> <span class=\"hps\">bereits Kunde sind<\/span>, werden wir <span class=\"hps\">Ihnen nur<\/span> <span class=\"hps\">auf elektronischem Weg<\/span> <span class=\"hps atn\">(<\/span>E-Mail oder <span class=\"hps\">SMS)<\/span>\u00a0 <span class=\"hps\">Informationen \u00fcber Waren und<\/span> Dienstleistungen <span class=\"hps\">\u00e4hnlich denen<\/span><span class=\"\">, die Gegenstand<\/span> <span class=\"hps\">eines fr\u00fcheren<\/span> <span class=\"hps\">Verkaufs oder<\/span> <span class=\"hps\">Verhandlungen \u00fcber<\/span> <span class=\"hps\">einen Verkauf<\/span> waren zukommen lassen<span class=\"hps\">.<\/span> <span class=\"hps\">Wenn Sie ein<\/span> <span class=\"hps\">Neukunde sind,<\/span> <span class=\"hps\">und wo wir<\/span> <span class=\"hps\">ausgew\u00e4hlten Dritten<\/span> <span class=\"hps\">erlauben,<\/span> <span class=\"hps\">Ihre Daten<\/span> <span class=\"hps\">zu verwenden<\/span>, werden wir <span class=\"hps\">(oder<\/span> <span class=\"hps\">sie<\/span>) <span class=\"hps\">Sie<\/span> nur <span class=\"hps\">auf elektronischem Wege<\/span> <span class=\"hps\">kontaktieren<\/span><span class=\"hps\">, wenn<\/span> <span class=\"hps\">Sie dem zugestimmt<\/span> <span class=\"hps\">haben<\/span>. <span class=\"hps\">Wenn Sie nicht<\/span> <span class=\"hps\">wollen, dass wir<\/span> <span class=\"hps\">Ihre Daten<\/span> <span class=\"hps\">auf diese Weise<\/span> <span class=\"hps\">zu verwenden oder<\/span> <span class=\"hps\">Ihre Daten<\/span> <span class=\"hps\">an Dritte<\/span> <span class=\"hps\">f\u00fcr Marketingzwecke<\/span> <span class=\"hps\">weitergeben<\/span>, kreuzen Sie bitte <span class=\"hps\">das entsprechende K\u00e4stchen<\/span> <span class=\"hps\">auf dem Formular<\/span><span class=\"\">, auf dem<\/span> <span class=\"hps\">wir Ihre<\/span> <span class=\"hps atn\">Daten (<\/span>Bestellformular oder <span class=\"hps\">Anmeldeformular)<\/span> sammeln an<span class=\"hps\">;<\/span><\/span><\/li>\n<li>\n<div dir=\"ltr\"><span id=\"result_box\" class=\"long_text\" lang=\"de\"><span class=\"hps\">Um Sie \u00fcber \u00c4nderungen<\/span> <span class=\"hps\">unserer Dienste zu informieren<\/span><span class=\"\">;<\/span><\/span><\/div>\n<\/li>\n<li><span id=\"result_box\" class=\"long_text\" lang=\"de\"><span class=\"hps\">um sicherzustellen, dass<\/span> <span class=\"hps\">die Inhalte unserer<\/span> <span class=\"hps\">Website<\/span>\u00a0<span class=\"hps\">auf die effektivste<\/span> <span class=\"hps\">Art und Weise<\/span> <span class=\"hps\">f\u00fcr Sie auf<\/span> <span class=\"hps\">Ihren Computer dargestellt wird<\/span><span class=\"\">.<\/span><\/span><\/li>\n<\/ul>\n<h3>Informationen die wir \u00fcber Sie sammeln<\/h3>\n<p>Wir werden diese Informationen benutzen um:<\/p>\n<ul>\n<li><span id=\"result_box\" class=\"long_text\" lang=\"de\"><span class=\"hps\">auf unsere Seite<\/span> <span class=\"hps\">zu verwalten<\/span> <span class=\"hps\">und<\/span> <span class=\"hps\">f\u00fcr interne<\/span> <span class=\"hps\">Vorg\u00e4nge, einschlie\u00dflich der<\/span> <span class=\"hps\">Fehlersuche,<\/span> <span class=\"hps\">Datenanalyze,<\/span> <span class=\"hps\">Pr\u00fcfung, Forschung<\/span>, statistische <span class=\"hps\">und Erhebungszwecke<\/span> <span class=\"hps\">;<\/span><\/span><\/li>\n<li><span id=\"result_box\" class=\"long_text\" lang=\"de\"><span class=\"hps\">um<\/span> <span class=\"hps\">unsere Website zu verbessern<\/span>, um sicherzustellen<span class=\"\">, dass der Inhalt<\/span> <span class=\"hps\">auf die effektivste<\/span> <span class=\"hps\">Art und Weise<\/span> <span class=\"hps\">f\u00fcr Sie und<\/span> <span class=\"hps\">Ihren Computer dargestellt<\/span><span class=\"\">;<\/span><\/span><\/li>\n<li><span id=\"result_box\" class=\"long_text\" lang=\"de\"><span class=\"hps\">Ihnen zu erlauben,<\/span> <span class=\"hps\">sich an<\/span> <span class=\"hps\">interaktiven Funktionen<\/span> <span class=\"hps\">unseres Service zu beteiligen<\/span>, <span class=\"hps\">falls Sie<\/span> <span class=\"hps\">beschlie\u00dfen dies zu<\/span> <span class=\"hps\">tun<\/span><span class=\"hps\">;<\/span><\/span><\/li>\n<li>\n<div id=\"tts_button\"><span id=\"result_box\" class=\"long_text\" lang=\"de\"><span class=\"hps\">als Teil unserer<\/span> <span class=\"hps\">Bem\u00fchungen, unsere<\/span> <span class=\"hps\">Website<\/span> <span class=\"hps\">sicher und gesichert<\/span>;<\/span><\/div>\n<\/li>\n<li><span id=\"result_box\" class=\"long_text\" lang=\"de\"><span class=\"hps\">die Effektivit\u00e4t von Werbung zu messen oder zu<\/span> <span class=\"hps\">verstehen, die<\/span> <span class=\"hps\">wir Ihnen<\/span> <span class=\"hps\">und anderen pr\u00e4sentieren<\/span> <span class=\"hps\">und<\/span> <span class=\"hps\">um<\/span> <span class=\"hps\">relevante Werbung<\/span> <span class=\"hps\">an Sie zu liefern<\/span><span class=\"\">;<\/span><\/span><\/li>\n<li>\n<div dir=\"ltr\"><span id=\"result_box\" class=\"long_text\" lang=\"de\"><span class=\"hps\">Anregungen und<\/span> <span class=\"hps\">Empfehlungen an<\/span> Sie <span class=\"hps\">und andere<\/span> <span class=\"hps\">Nutzer unserer Website<\/span> <span class=\"hps\">auf<\/span> <span class=\"hps\">Waren oder Dienstleistungen zu \u00fcbermitteln<\/span>, die Sie <span class=\"hps\">interessieren k\u00f6nnten<\/span><span class=\"hps\">.<\/span><\/span><\/div>\n<\/li>\n<\/ul>\n<h3>Informationen die wir aus anderen Quellen erhalten<\/h3>\n<div dir=\"ltr\"><span id=\"result_box\" class=\"long_text\" lang=\"de\"><span class=\"hps\">Wir k\u00f6nnen diese Informationen<\/span> <span class=\"hps\">mit<\/span> <span class=\"hps\">Informationen, die Sie<\/span> an<span class=\"hps\"> uns weitergeben oder die<\/span><span class=\"hps\"> wir<\/span> <span class=\"hps\">\u00fcber Sie sammeln,<\/span> <span class=\"hps\">zu kombinieren.<\/span> <span class=\"hps\">Wir k\u00f6nnen diese Informationen<\/span> <span class=\"hps\">und die zusammengefassten<\/span> <span class=\"hps\">Daten<\/span> <span class=\"hps\">aus den oben<\/span> <span class=\"hps\">(in Abh\u00e4ngigkeit<\/span> <span class=\"hps\">von der Art der<\/span> <span class=\"hps\">Informationen<\/span>, die wir erhalten) <span class=\"hps\">genannten Zwecke zu verwenden<\/span><span class=\"\">.<\/span><\/span><\/div>\n<h2><span id=\"result_box\" class=\"long_text short_text\" lang=\"de\"><span class=\"hps\">Weitergabe Ihrer<\/span> <span class=\"hps\">Daten<\/span><\/span><\/h2>\n<p><span id=\"result_box\" class=\"long_text\" lang=\"de\"><span class=\"hps\">Wir<\/span> <span class=\"hps\">k\u00f6nnen Ihre pers\u00f6nlichen Informationen<\/span> <span class=\"hps\">mit jedem<\/span> <span class=\"hps\">Mitglied unserer Gruppe<\/span>, unseren <span class=\"hps\">Tochtergesellschaften<\/span>, <span class=\"hps\">unsere<\/span> <span class=\"hps\">oberste Holdinggesellschaft<\/span> <span class=\"hps\">und ihre Tochtergesellschaften<\/span> , <span class=\"hps\">wie in Abschnitt<\/span> <span class=\"hps\">1159<\/span> <span class=\"hps\">des<\/span> <span class=\"hps\">UK<\/span> <span class=\"hps\">Companies Act 2006<\/span> <span class=\"hps\">definiert<\/span>, <span class=\"hps\">teilen.<\/span><\/span><\/p>\n<p><span id=\"result_box\" class=\"long_text\" lang=\"de\"><span class=\"hps\">Wir k\u00f6nnen Ihre Informationen<\/span> <span class=\"hps\">mit<\/span> <span class=\"hps\">ausgew\u00e4hlten Dritten<\/span>\u00a0<span class=\"hps\">teilen, einschlie\u00dflich:<\/span><\/span><\/p>\n<ul>\n<li><span id=\"result_box\" class=\"long_text\" lang=\"de\"><span class=\"hps\">Gesch\u00e4ftspartner, Lieferanten<\/span> <span class=\"hps\">und Subunternehmer<\/span> <span class=\"hps\">f\u00fcr die Erf\u00fcllung<\/span> <span class=\"hps\">eines Vertrags<\/span>\u00a0<span class=\"hps\">mit ihnen<\/span><span class=\"\">.<\/span><\/span><\/li>\n<li>\n<div id=\"gt-res-c\" class=\"g-unit\">\n<div id=\"gt-res-p\">\n<div id=\"gt-res-data\">\n<div id=\"gt-res-wrap\">\n<div id=\"gt-res-content\" class=\"almost_half_cell\">\n<div dir=\"ltr\"><span id=\"result_box\" class=\"long_text\" lang=\"de\"><span class=\"hps\">Werbetreibende und<\/span> <span class=\"hps\">Werbe-Netzwerke<\/span>, die die Daten <span class=\"hps\">ben\u00f6tigen, um<\/span> relevante <span class=\"hps\">Anzeigen<\/span> <span class=\"hps\">auszuw\u00e4hlen<\/span><span class=\"hps\">.<\/span><\/span><\/div>\n<\/div>\n<\/div>\n<\/div>\n<\/div>\n<\/div>\n<\/li>\n<li><span id=\"result_box\" class=\"long_text\" lang=\"de\"><span class=\"hps\">Analytics<\/span> <span class=\"hps\">und<\/span> <span class=\"hps\">Suchmaschinenbetreiber<\/span>, die uns <span class=\"hps\">bei der Verbesserung<\/span> <span class=\"hps\">und Optimierung unserer<\/span> <span class=\"hps\">Website<\/span> <span class=\"hps\">unterst\u00fctzen.<\/span><\/span><\/li>\n<\/ul>\n<p><span id=\"result_box\" class=\"long_text\" lang=\"de\"><span class=\"hps\">Wir<\/span> <span class=\"hps\">k\u00f6nnen Ihre pers\u00f6nlichen Informationen<\/span> <span class=\"hps\">an Dritte weitergeben<\/span><span class=\"\">:<\/span><\/span><\/p>\n<ul>\n<li><span id=\"result_box\" class=\"long_text\" lang=\"de\"><span class=\"hps\">F\u00fcr den Fall<\/span>, dass des <span class=\"hps\">Kaufs oder Verkaufs von<\/span> <span class=\"hps\">Unternehmen oder Gesch\u00e4ftsaktivit\u00e4ten<\/span>,\u00a0<span class=\"hps\">k\u00f6nnen wir<\/span> <span class=\"hps\"> Ihre<\/span> <span class=\"hps\">personenbezogenen Daten<\/span> <span class=\"hps\">dem zuk\u00fcnftigen Verk\u00e4ufer<\/span> <span class=\"hps\">oder K\u00e4ufer des<\/span> <span class=\"hps\">Gesch\u00e4fts<\/span> <span class=\"hps\">oder Verm\u00f6genswerte<\/span> <span class=\"hps\">weiter geben.<\/span><\/span><\/li>\n<li><span id=\"result_box\" class=\"long_text\" lang=\"de\"><span class=\"hps\">Wenn<\/span> <span class=\"hps\">Broadley<\/span><span class=\"atn\">&#8211;<\/span>James <span class=\"hps\">Limited oder<\/span> <span class=\"hps\">im Wesentlichen alle ihre<\/span> <span class=\"hps\">Verm\u00f6genswerte an<\/span><span class=\"hps\"> einem Dritten ver\u00e4u\u00dfert<\/span>, <span class=\"hps\">sind<\/span> <span class=\"hps\">personenbezogene Daten die \u00fcber<\/span><span class=\"hps\"> ihre<\/span> <span class=\"hps\">Kunden<\/span> <span class=\"hps\">gehalten<\/span> <span class=\"hps\">werden ein Teil der<\/span> \u00fcber<span class=\"hps\">tragenen Verm\u00f6genswerte<\/span><span class=\"\">.<\/span><\/span><\/li>\n<li><span id=\"result_box\" class=\"long_text\" lang=\"de\"><span class=\"hps\">Wir k\u00f6nnen<\/span> <span class=\"hps\">verpflichtet sein<\/span> <span class=\"hps\">Ihre<\/span> <span class=\"hps\">pers\u00f6nlichen Daten offen zu legen oder zu teilen<\/span>, um <span class=\"hps\">einer<\/span> <span class=\"hps\">gesetzlichen Verpflichtung nachzukommen<\/span>, <span class=\"hps\">oder zur<\/span> <span class=\"hps\">Durchsetzung oder Anwendung<\/span> <span class=\"hps\">unserer<\/span> <span class=\"hps\">Nutzungsbedingungen oder<\/span> <span class=\"hps\">Bedingungen<\/span> <span class=\"hps\">des Angebots und<\/span> <span class=\"hps\">anderen Vereinbarungen<\/span>; <span class=\"hps\">oder<\/span> <span class=\"hps\">die Rechte, das<\/span> <span class=\"hps\">Eigentum oder die Sicherheit<\/span> <span class=\"hps\">von<\/span> <span class=\"hps\">Broadley<\/span><span class=\"atn\">&#8211;<\/span>James <span class=\"hps\">Limited,<\/span> <span class=\"hps\">unserer<\/span> <span class=\"hps\">Kunden oder anderer<\/span> <span class=\"hps\">zu<\/span> <span class=\"hps\">sch\u00fctzen.<\/span> <span class=\"hps\">Dies<\/span> <span class=\"hps\">beinhaltet einen Datenaustausch<\/span> <span class=\"hps\">mit anderen Unternehmen<\/span> <span class=\"hps\">und Organisationen zum<\/span> <span class=\"hps\">Schutz vor Betrug<\/span> <span class=\"hps\">und Kreditrisikominimierung<\/span><span class=\"hps\">.<\/span><\/span><\/li>\n<\/ul>\n<h2>W<span id=\"result_box\" class=\"long_text short_text\" lang=\"de\"><span class=\"hps\">o<\/span> <span class=\"hps\">wir Ihre personenbezogenen Daten<\/span> <span class=\"hps\">speichern<\/span><\/span><\/h2>\n<p>Die Daten, die wir von Ihnen erfassen k\u00f6nnen an einem Ort au\u00dferhalb des Europ\u00e4ischen Wirtschaftsraums (&#8220;EWR&#8221;) gespeichert werden. Es kann auch von Mitarbeitern au\u00dferhalb des EWR, die f\u00fcr uns oder f\u00fcr einen unserer Lieferanten arbeiten, verarbeitet werden. Diese Mitarbeiter k\u00f6nnen unter anderem mit der Bearbeitung Ihrer Bestellung, der Verarbeitung Ihrer Zahlungsdaten und der Bereitstellung von Support-Services betraut sein. Durch die \u00dcbermittlung Ihrer pers\u00f6nlichen Daten stimmen Sie dieser \u00dcbertragung, Speicherung oder Verarbeitung zu. Wir werden alle notwendigen Schritte unternehmen, um sicherzustellen, dass Ihre Daten sicher und in \u00dcbereinstimmung mit dieser Datenschutzerkl\u00e4rung behandelt werden.<\/p>\n<p>Alle Informationen, die Sie uns zur Verf\u00fcgung stellen, werden auf unseren sicheren Servern gespeichert. Etwaiger Zahlungsverkehr wird verschl\u00fcsselt. Wo wir ein Passwort, mit dem Sie auf bestimmte Teile unserer Webseite zugreifen k\u00f6nnen, bereitgestellt haben (oder wo Sie eines gew\u00e4hlt haben), sind Sie f\u00fcr die Geheimhaltung dieses Passworts verantwortlich. Wir bitten Sie ein Passwort mit Niemandem zu teilen.<\/p>\n<p>Leider ist die \u00dcbertragung von Daten \u00fcber das Internet nicht vollkommen sicher. Obwohl wir unser Bestes tun, um Ihre pers\u00f6nlichen Daten zu sch\u00fctzen, k\u00f6nnen wir die Sicherheit Ihrer Daten die auf unsere Webseite\u00a0\u00fcbertragen werden, nicht garantieren; jede \u00dcbertragung erfolgt auf eigene Gefahr. Sobald wir Ihre Daten erhalten haben, wenden wir strenge Verfahren und Sicherheitskriterien an, um unbefugten Zugriff zu verhindern.<\/p>\n<h2>Ihre Rechte<\/h2>\n<p>Unsere Webseite kann von Zeit zu Zeit Links zu und von den Webseiten unserer Partnernetzwerke , Werbepartnern enthalten. Wenn Sie einen Link zu einer dieser Webseiten folgen, beachten Sie bitte, dass diese Webseiten ihre eigenen Datenschutzrichtlinien haben und dass wir keinerlei Verantwortung oder Haftung f\u00fcr diese Richtlinien \u00fcbernehmen. Bitte \u00fcberpr\u00fcfen Sie diese Richtlinien, bevor Sie pers\u00f6nliche Daten an diese Webseiten weitergeben.<\/p>\n<h2>\u00c4nderungen unserer Datenschutzbestimmungen<\/h2>\n<p>\u00dcber alle \u00c4nderungen, die wir zuk\u00fcnftig an unseren Datenschutzbestimmungen t\u00e4tigen werden, werden wir Sie per E-Mail benachrichtigten. Bitte schauen Sie regelm\u00e4\u00dfig nach Aktualisierungen oder \u00c4nderungen unserer Datenschutzrichtlinie.<\/p>\n<h2>Kontakt<\/h2>\n<p>Fragen, Kommentare und Anfragen in Bezug auf diese Datenschutzrichtlinie sind willkommen und zu richten an <a href=\"mailto:sales@broadleyjames.co.uk\">sales@broadleyjames.co.uk<\/a>.<\/p>\n","protected":false},"excerpt":{"rendered":"<p>Broadley James-Limited (&#8220;Wir&#8221;) sind zum Schutz und der Wahrung Ihrer Privatsph\u00e4re verpflichtet. Diese Bestimmungen (zusammen mit unseren Nutzungsbedingungen und sonstigen Unterlagen die sich darauf beziehen) bildet die Grundlage, wie alle pers\u00f6nlichen Daten, die wir von Ihnen erfassen oder die Sie uns zur Verf\u00fcgung stellen, von uns verarbeitet werden. Bitte lesen Sie die folgenden Informationen sorgf\u00e4ltig, [&hellip;]<\/p>\n","protected":false},"author":1,"featured_media":0,"parent":0,"menu_order":18,"comment_status":"closed","ping_status":"closed","template":"","meta":{"_acf_changed":false,"_hide_header":false,"_hide_breadcrumbs":false,"_overlay_breadcrumbs":false,"footnotes":""},"class_list":["post-957","page","type-page","status-publish","hentry"],"acf":[],"_links":{"self":[{"href":"https:\/\/www.broadleyjames.com\/de\/wp-json\/wp\/v2\/pages\/957","targetHints":{"allow":["GET"]}}],"collection":[{"href":"https:\/\/www.broadleyjames.com\/de\/wp-json\/wp\/v2\/pages"}],"about":[{"href":"https:\/\/www.broadleyjames.com\/de\/wp-json\/wp\/v2\/types\/page"}],"author":[{"embeddable":true,"href":"https:\/\/www.broadleyjames.com\/de\/wp-json\/wp\/v2\/users\/1"}],"replies":[{"embeddable":true,"href":"https:\/\/www.broadleyjames.com\/de\/wp-json\/wp\/v2\/comments?post=957"}],"version-history":[{"count":20,"href":"https:\/\/www.broadleyjames.com\/de\/wp-json\/wp\/v2\/pages\/957\/revisions"}],"predecessor-version":[{"id":1424,"href":"https:\/\/www.broadleyjames.com\/de\/wp-json\/wp\/v2\/pages\/957\/revisions\/1424"}],"wp:attachment":[{"href":"https:\/\/www.broadleyjames.com\/de\/wp-json\/wp\/v2\/media?parent=957"}],"curies":[{"name":"wp","href":"https:\/\/api.w.org\/{rel}","templated":true}]}}